{"id":8072,"date":"2017-07-02T05:27:28","date_gmt":"2017-07-01T22:27:28","guid":{"rendered":"https:\/\/artdvivre.com\/about-us\/"},"modified":"2024-11-08T17:23:09","modified_gmt":"2024-11-08T10:23:09","slug":"about-us","status":"publish","type":"page","link":"https:\/\/artdvivre.com\/vi\/about-us\/","title":{"rendered":"About Us VN"},"content":{"rendered":"\t\t<div data-elementor-type=\"wp-post\" data-elementor-id=\"8072\" class=\"elementor elementor-8072 elementor-4174\" data-elementor-post-type=\"page\">\n\t\t\t\t<div class=\"has_ae_slider elementor-element elementor-element-f8a35fa e-flex e-con-boxed ae-bg-gallery-type-default e-con e-parent\" data-id=\"f8a35fa\" data-element_type=\"container\" data-settings=\"{&quot;background_background&quot;:&quot;slideshow&quot;,&quot;background_slideshow_gallery&quot;:[{&quot;id&quot;:5699,&quot;url&quot;:&quot;https:\\\/\\\/artdvivre.com\\\/wp-content\\\/uploads\\\/2024\\\/06\\\/Class-1-Understanding-Luxury-Etiquette-scaled.jpg&quot;}],&quot;background_slideshow_loop&quot;:&quot;yes&quot;,&quot;background_slideshow_slide_duration&quot;:5000,&quot;background_slideshow_slide_transition&quot;:&quot;fade&quot;,&quot;background_slideshow_transition_duration&quot;:500}\">\n\t\t\t\t\t<div class=\"e-con-inner\">\n\t\t<div class=\"has_ae_slider elementor-element elementor-element-51fb0b73 e-flex e-con-boxed ae-bg-gallery-type-default e-con e-child\" data-id=\"51fb0b73\" data-element_type=\"container\">\n\t\t\t\t\t<div class=\"e-con-inner\">\n\t\t\t\t<div class=\"elementor-element elementor-element-5d088682 elementor-widget elementor-widget-heading\" data-id=\"5d088682\" data-element_type=\"widget\" data-widget_type=\"heading.default\">\n\t\t\t\t<div class=\"elementor-widget-container\">\n\t\t\t<h2 class=\"elementor-heading-title elementor-size-default\">V\u1ec1 ch\u00fang t\u00f4i<\/h2>\t\t<\/div>\n\t\t\t\t<\/div>\n\t\t\t\t\t<\/div>\n\t\t\t\t<\/div>\n\t\t\t\t\t<\/div>\n\t\t\t\t<\/div>\n\t\t<div class=\"has_ae_slider elementor-element elementor-element-14b5cc7 e-flex e-con-boxed ae-bg-gallery-type-default e-con e-parent\" data-id=\"14b5cc7\" data-element_type=\"container\">\n\t\t\t\t\t<div class=\"e-con-inner\">\n\t\t<div class=\"has_ae_slider elementor-element elementor-element-35b9751 e-con-full e-flex ae-bg-gallery-type-default e-con e-child\" data-id=\"35b9751\" data-element_type=\"container\" data-settings=\"{&quot;background_background&quot;:&quot;slideshow&quot;,&quot;background_slideshow_gallery&quot;:[{&quot;id&quot;:9307,&quot;url&quot;:&quot;https:\\\/\\\/artdvivre.com\\\/wp-content\\\/uploads\\\/2024\\\/11\\\/402693c0-08c0-4f82-82db-c9d58ad884e0.jpg&quot;}],&quot;background_slideshow_loop&quot;:&quot;yes&quot;,&quot;background_slideshow_slide_duration&quot;:5000,&quot;background_slideshow_slide_transition&quot;:&quot;fade&quot;,&quot;background_slideshow_transition_duration&quot;:500}\">\n\t\t\t\t<\/div>\n\t\t<div class=\"has_ae_slider elementor-element elementor-element-623a7a8 e-con-full e-flex ae-bg-gallery-type-default e-con e-child\" data-id=\"623a7a8\" data-element_type=\"container\">\n\t\t\t\t<div class=\"elementor-element elementor-element-dbd66f1 elementor-widget elementor-widget-heading\" data-id=\"dbd66f1\" data-element_type=\"widget\" data-widget_type=\"heading.default\">\n\t\t\t\t<div class=\"elementor-widget-container\">\n\t\t\t<h2 class=\"elementor-heading-title elementor-size-default\">Art De Vivre Academy: L\u00e0m Ch\u1ee7 Phong Th\u00e1i Th\u01b0\u1ee3ng L\u01b0u<\/h2>\t\t<\/div>\n\t\t\t\t<\/div>\n\t\t\t\t<div class=\"elementor-element elementor-element-39ac0b0 elementor-widget elementor-widget-text-editor\" data-id=\"39ac0b0\" data-element_type=\"widget\" data-widget_type=\"text-editor.default\">\n\t\t\t\t<div class=\"elementor-widget-container\">\n\t\t\t\t\t\t\t<p>T\u1ea1i Art De Vivre, ch\u00fang t\u00f4i tin r\u1eb1ng chu\u1ea9n m\u1ef1c th\u01b0\u1ee3ng l\u01b0u kh\u00f4ng b\u1eaft ngu\u1ed3n t\u1eeb v\u1eadt ch\u1ea5t ph\u00f9 phi\u1ebfm, m\u00e0 \u0111\u01b0\u1ee3c ph\u1ea3n \u00e1nh qua \u0111\u1ecbnh ngh\u0129a th\u01b0\u01a1ng hi\u1ec7u c\u00e1 nh\u00e2n c\u1ee7a m\u1ed7i ng\u01b0\u1eddi. Th\u00f4ng qua vi\u1ec7c n\u1eafm v\u1eefng c\u00e1c ki\u1ebfn th\u1ee9c trong quy c\u00e1ch \u1ee9ng x\u1eed v\u00e0 l\u1ec5 nghi, s\u1ef1 sang tr\u1ecdng \u0111\u01b0\u1ee3c th\u1ec3 hi\u1ec7n qua c\u1eed ch\u1ec9 v\u00e0 l\u1eddi n\u00f3i khi giao ti\u1ebfp, c\u0169ng nh\u01b0 th\u1ea7n th\u00e1i am hi\u1ec3u v\u00e0 t\u00f4n tr\u1ecdng \u0111a d\u1ea1ng c\u00e1c n\u1ec1n v\u0103n h\u00f3a kh\u00e1c nhau.<\/p><p>Kh\u00f4ng ch\u1ec9 \u0111\u01a1n thu\u1ea7n mang \u0111\u1ebfn n\u1ec1n t\u1ea3ng ki\u1ebfn th\u1ee9c v\u1ec1 l\u1ed1i s\u1ed1ng th\u01b0\u1ee3ng l\u01b0u, s\u1ee9 m\u1ec7nh c\u1ee7a ch\u00fang t\u00f4i ch\u00fa tr\u1ecdng v\u00e0o vi\u1ec7c truy\u1ec1n \u0111\u1ea1t cho h\u1ecdc vi\u00ean nh\u1eefng quy c\u00e1ch c\u01b0 x\u1eed tinh t\u1ebf v\u00e0 chu\u1ea9n m\u1ef1c c\u1ee7a c\u1ea3 hai v\u0103n h\u00f3a ph\u01b0\u01a1ng \u0110\u00f4ng v\u00e0 ph\u01b0\u01a1ng T\u00e2y xuy\u00ean su\u1ed1t ch\u01b0\u01a1ng tr\u00ecnh gi\u1ea3ng d\u1ea1y c\u1ee7a m\u00ecnh.<\/p><p>Art de Vivre Academy m\u1edf r\u1ed9ng c\u00e1nh c\u1eeda cho chuy\u00ean gia trong l\u0129nh v\u1ef1c Luxury v\u00e0 chuy\u00ean ng\u00e0nh li\u00ean quan, c\u00e1 nh\u00e2n mong mu\u1ed1n ho\u00e0n thi\u1ec7n phong th\u00e1i chuy\u00ean nghi\u1ec7p c\u1ee7a m\u00ecnh, c\u00e1c c\u00f4ng ty h\u01b0\u1edbng \u0111\u1ebfn m\u1ee5c ti\u00eau n\u00e2ng t\u1ea7m ti\u00eau chu\u1ea9n d\u1ecbch v\u1ee5 v\u00e0 nh\u1eefng ng\u01b0\u1eddi v\u1edbi th\u00e0nh c\u00f4ng t\u00e0i ch\u00ednh c\u1ee7a ri\u00eang m\u00ecnh v\u00e0 s\u1eb5n s\u00e0ng gia nh\u1eadp v\u00e0o x\u00e3 h\u1ed9i th\u01b0\u1ee3ng l\u01b0u. Ch\u00fang t\u00f4i mang \u0111\u1ebfn m\u1ed9t m\u00f4i tr\u01b0\u1eddng tr\u1ea3i nghi\u1ec7m b\u00e0i b\u1ea3n, mang v\u1ebb \u0111\u1eb9p truy\u1ec1n th\u1ed1ng \u00c1 \u0110\u00f4ng giao thoa v\u1edbi phong c\u00e1ch ph\u01b0\u01a1ng T\u00e2y hi\u1ec7n \u0111\u1ea1i \u2013 n\u01a1i l\u00fd t\u01b0\u1edfng \u0111\u1ec3 b\u1ea1n trau d\u1ed3i c\u00e1c ki\u1ebfn th\u1ee9c \u0111\u1ed9c \u0111\u00e1o v\u00e0 kh\u01a1i g\u1ee3i ngu\u1ed3n c\u1ea3m h\u1ee9ng v\u00f4 t\u1eadn cho m\u1ed9t l\u1ed1i s\u1ed1ng th\u01b0\u1ee3ng l\u01b0u \u0111\u00fang ngh\u0129a.<\/p>\t\t\t\t\t\t<\/div>\n\t\t\t\t<\/div>\n\t\t\t\t<\/div>\n\t\t\t\t\t<\/div>\n\t\t\t\t<\/div>\n\t\t<div class=\"has_ae_slider elementor-element elementor-element-fc81db8 e-flex e-con-boxed ae-bg-gallery-type-default e-con e-parent\" data-id=\"fc81db8\" data-element_type=\"container\" data-settings=\"{&quot;background_background&quot;:&quot;classic&quot;}\">\n\t\t\t\t\t<div class=\"e-con-inner\">\n\t\t<div class=\"has_ae_slider elementor-element elementor-element-adc5593 e-con-full e-flex ae-bg-gallery-type-default e-con e-child\" data-id=\"adc5593\" data-element_type=\"container\">\n\t\t\t\t<div class=\"elementor-element elementor-element-1734a08 elementor-widget elementor-widget-heading\" data-id=\"1734a08\" data-element_type=\"widget\" data-widget_type=\"heading.default\">\n\t\t\t\t<div class=\"elementor-widget-container\">\n\t\t\t<h2 class=\"elementor-heading-title elementor-size-default\">Nh\u1eefng gi\u00e1 tr\u1ecb c\u00e1 nh\u00e2n<\/h2>\t\t<\/div>\n\t\t\t\t<\/div>\n\t\t<div class=\"has_ae_slider elementor-element elementor-element-46684bf e-con-full e-flex ae-bg-gallery-type-default e-con e-child\" data-id=\"46684bf\" data-element_type=\"container\">\n\t\t\t\t<div class=\"elementor-element elementor-element-8f95ddb elementor-widget elementor-widget-heading\" data-id=\"8f95ddb\" data-element_type=\"widget\" data-widget_type=\"heading.default\">\n\t\t\t\t<div class=\"elementor-widget-container\">\n\t\t\t<h4 class=\"elementor-heading-title elementor-size-default\">Tr\u1edf th\u00e0nh B\u1eadc Th\u1ea7y Giao Ti\u1ebfp<\/h4>\t\t<\/div>\n\t\t\t\t<\/div>\n\t\t\t\t<div class=\"elementor-element elementor-element-caa01e0 text-fw-mb elementor-widget elementor-widget-heading\" data-id=\"caa01e0\" data-element_type=\"widget\" data-widget_type=\"heading.default\">\n\t\t\t\t<div class=\"elementor-widget-container\">\n\t\t\t<h4 class=\"elementor-heading-title elementor-size-default\">N\u1eafm v\u1eefng c\u00e1c ph\u00e9p x\u00e3 giao, k\u1ef9 n\u0103ng giao ti\u1ebfp, \u1ee9ng x\u1eed v\u00e0 nghi th\u1ee9c theo chu\u1ea9n m\u1ef1c qu\u1ed1c t\u1ebf, t\u1ef1 tin t\u1ecfa s\u00e1ng trong m\u00f4i tr\u01b0\u1eddng th\u01b0\u1ee3ng l\u01b0u.<\/h4>\t\t<\/div>\n\t\t\t\t<\/div>\n\t\t\t\t<\/div>\n\t\t<div class=\"has_ae_slider elementor-element elementor-element-369594e e-con-full e-flex ae-bg-gallery-type-default e-con e-child\" data-id=\"369594e\" data-element_type=\"container\">\n\t\t\t\t<div class=\"elementor-element elementor-element-a80da2a elementor-widget elementor-widget-heading\" data-id=\"a80da2a\" data-element_type=\"widget\" data-widget_type=\"heading.default\">\n\t\t\t\t<div class=\"elementor-widget-container\">\n\t\t\t<h4 class=\"elementor-heading-title elementor-size-default\">T\u00f4n Tr\u1ecdng trong \u0110\u1eddi S\u1ed1ng<\/h4>\t\t<\/div>\n\t\t\t\t<\/div>\n\t\t\t\t<div class=\"elementor-element elementor-element-d41d649 text-fw-mb elementor-widget elementor-widget-heading\" data-id=\"d41d649\" data-element_type=\"widget\" data-widget_type=\"heading.default\">\n\t\t\t\t<div class=\"elementor-widget-container\">\n\t\t\t<h4 class=\"elementor-heading-title elementor-size-default\">B\u1ed3i d\u01b0\u1ee1ng gi\u00e1 tr\u1ecb b\u1ea3n th\u00e2n v\u1edbi phong th\u00e1i tinh t\u1ebf v\u00e0 \u0111\u0129nh \u0111\u1ea1c, \u0111\u1ec3 m\u1ed7i ng\u01b0\u1eddi ti\u1ebfp x\u00fac \u0111\u1ec1u d\u00e0nh cho b\u1ea1n \u1ea5n t\u01b0\u1ee3ng t\u1ed1t \u0111\u1eb9p v\u00e0 thi\u1ec7n c\u1ea3m l\u00e2u d\u00e0i.<\/h4>\t\t<\/div>\n\t\t\t\t<\/div>\n\t\t\t\t<\/div>\n\t\t<div class=\"has_ae_slider elementor-element elementor-element-c411df7 e-con-full e-flex ae-bg-gallery-type-default e-con e-child\" data-id=\"c411df7\" data-element_type=\"container\">\n\t\t\t\t<div class=\"elementor-element elementor-element-2298066 elementor-widget elementor-widget-heading\" data-id=\"2298066\" data-element_type=\"widget\" data-widget_type=\"heading.default\">\n\t\t\t\t<div class=\"elementor-widget-container\">\n\t\t\t<h4 class=\"elementor-heading-title elementor-size-default\">M\u1edf Kh\u00f3a L\u1ed1i S\u1ed1ng Th\u01b0\u1ee3ng L\u01b0u<\/h4>\t\t<\/div>\n\t\t\t\t<\/div>\n\t\t\t\t<div class=\"elementor-element elementor-element-e4c9ae0 text-fw-mb elementor-widget elementor-widget-heading\" data-id=\"e4c9ae0\" data-element_type=\"widget\" data-widget_type=\"heading.default\">\n\t\t\t\t<div class=\"elementor-widget-container\">\n\t\t\t<h4 class=\"elementor-heading-title elementor-size-default\">Th\u1ea5u hi\u1ec3u t\u00e2m l\u00fd c\u1ee7a gi\u1edbi tinh hoa, cho ph\u00e9p b\u1ea1n h\u00f2a nh\u1eadp v\u00e0o x\u00e3 h\u1ed9i sang tr\u1ecdng n\u00e0y.<\/h4>\t\t<\/div>\n\t\t\t\t<\/div>\n\t\t\t\t<\/div>\n\t\t\t\t<div class=\"elementor-element elementor-element-6926cee elementor-widget__width-inherit elementor-hidden-desktop elementor-widget-divider--view-line elementor-widget elementor-widget-divider\" data-id=\"6926cee\" data-element_type=\"widget\" data-widget_type=\"divider.default\">\n\t\t\t\t<div class=\"elementor-widget-container\">\n\t\t\t\t\t<div class=\"elementor-divider\">\n\t\t\t<span class=\"elementor-divider-separator\">\n\t\t\t\t\t\t<\/span>\n\t\t<\/div>\n\t\t\t\t<\/div>\n\t\t\t\t<\/div>\n\t\t\t\t<\/div>\n\t\t<div class=\"has_ae_slider elementor-element elementor-element-21c29a2 e-con-full e-flex ae-bg-gallery-type-default e-con e-child\" data-id=\"21c29a2\" data-element_type=\"container\">\n\t\t\t\t<div class=\"elementor-element elementor-element-aaa636c elementor-widget elementor-widget-heading\" data-id=\"aaa636c\" data-element_type=\"widget\" data-widget_type=\"heading.default\">\n\t\t\t\t<div class=\"elementor-widget-container\">\n\t\t\t<h2 class=\"elementor-heading-title elementor-size-default\">Nh\u1eefng gi\u00e1 tr\u1ecb doanh nghi\u1ec7p<\/h2>\t\t<\/div>\n\t\t\t\t<\/div>\n\t\t<div class=\"has_ae_slider elementor-element elementor-element-3b8a976 e-con-full e-flex ae-bg-gallery-type-default e-con e-child\" data-id=\"3b8a976\" data-element_type=\"container\">\n\t\t\t\t<div class=\"elementor-element elementor-element-d72cda8 elementor-widget elementor-widget-heading\" data-id=\"d72cda8\" data-element_type=\"widget\" data-widget_type=\"heading.default\">\n\t\t\t\t<div class=\"elementor-widget-container\">\n\t\t\t<h4 class=\"elementor-heading-title elementor-size-default\">N\u00e2ng t\u1ea7m tr\u1ea3i nghi\u1ec7m kh\u00e1ch h\u00e0ng<\/h4>\t\t<\/div>\n\t\t\t\t<\/div>\n\t\t\t\t<div class=\"elementor-element elementor-element-361e0fb text-fw-mb elementor-widget elementor-widget-heading\" data-id=\"361e0fb\" data-element_type=\"widget\" data-widget_type=\"heading.default\">\n\t\t\t\t<div class=\"elementor-widget-container\">\n\t\t\t<h4 class=\"elementor-heading-title elementor-size-default\">\u0110\u00e0o t\u1ea1o \u0111\u1ed9i ng\u0169 nh\u00e2n vi\u00ean th\u1ea5u hi\u1ec3u v\u00e0 cung c\u1ea5p d\u1ecbch v\u1ee5 t\u1ed1t v\u01b0\u1ee3t xa s\u1ef1 mong \u0111\u1ee3i c\u1ee7a nh\u00f3m kh\u00e1ch h\u00e0ng th\u01b0\u1ee3ng l\u01b0u.<\/h4>\t\t<\/div>\n\t\t\t\t<\/div>\n\t\t\t\t<\/div>\n\t\t<div class=\"has_ae_slider elementor-element elementor-element-bed9c8b e-con-full e-flex ae-bg-gallery-type-default e-con e-child\" data-id=\"bed9c8b\" data-element_type=\"container\">\n\t\t\t\t<div class=\"elementor-element elementor-element-ec7af2c elementor-widget elementor-widget-heading\" data-id=\"ec7af2c\" data-element_type=\"widget\" data-widget_type=\"heading.default\">\n\t\t\t\t<div class=\"elementor-widget-container\">\n\t\t\t<h4 class=\"elementor-heading-title elementor-size-default\">X\u00e2y d\u1ef1ng v\u00f2ng tr\u00f2n k\u1ebft n\u1ed1i<\/h4>\t\t<\/div>\n\t\t\t\t<\/div>\n\t\t\t\t<div class=\"elementor-element elementor-element-39a456d text-fw-mb elementor-widget elementor-widget-heading\" data-id=\"39a456d\" data-element_type=\"widget\" data-widget_type=\"heading.default\">\n\t\t\t\t<div class=\"elementor-widget-container\">\n\t\t\t<h4 class=\"elementor-heading-title elementor-size-default\">Nu\u00f4i d\u01b0\u1ee1ng v\u0103n h\u00f3a d\u1ecbch v\u1ee5 ho\u00e0n h\u1ea3o nh\u1eb1m th\u00fac \u0111\u1ea9y m\u1ed1i quan h\u1ec7 l\u00e2u d\u00e0i v\u00e0 duy tr\u00ec\/ph\u00e1t tri\u1ec3n s\u1ef1 \u01b0u \u00e1i v\u00e0 trung th\u00e0nh c\u1ee7a kh\u00e1ch h\u00e0ng.<\/h4>\t\t<\/div>\n\t\t\t\t<\/div>\n\t\t\t\t<\/div>\n\t\t<div class=\"has_ae_slider elementor-element elementor-element-2a0c4ff e-con-full e-flex ae-bg-gallery-type-default e-con e-child\" data-id=\"2a0c4ff\" data-element_type=\"container\">\n\t\t\t\t<div class=\"elementor-element elementor-element-162b600 elementor-widget elementor-widget-heading\" data-id=\"162b600\" data-element_type=\"widget\" data-widget_type=\"heading.default\">\n\t\t\t\t<div class=\"elementor-widget-container\">\n\t\t\t<h4 class=\"elementor-heading-title elementor-size-default\">N\u00e2ng cao gi\u00e1 tr\u1ecb h\u00ecnh \u1ea3nh th\u01b0\u01a1ng hi\u1ec7u<\/h4>\t\t<\/div>\n\t\t\t\t<\/div>\n\t\t\t\t<div class=\"elementor-element elementor-element-650a54b text-fw-mb elementor-widget elementor-widget-heading\" data-id=\"650a54b\" data-element_type=\"widget\" data-widget_type=\"heading.default\">\n\t\t\t\t<div class=\"elementor-widget-container\">\n\t\t\t<h4 class=\"elementor-heading-title elementor-size-default\">Kh\u1edfi t\u1ea1o s\u1ef1 uy t\u00edn v\u00e0 h\u00ecnh \u1ea3nh chuy\u00ean nghi\u1ec7p \u0111\u1ec3 thu h\u00fat nh\u00f3m kh\u00e1ch h\u00e0ng th\u01b0\u1ee3ng l\u01b0u<\/h4>\t\t<\/div>\n\t\t\t\t<\/div>\n\t\t\t\t<\/div>\n\t\t\t\t<\/div>\n\t\t\t\t\t<\/div>\n\t\t\t\t<\/div>\n\t\t<div class=\"has_ae_slider elementor-element elementor-element-17c7f2e e-flex e-con-boxed ae-bg-gallery-type-default e-con e-parent\" data-id=\"17c7f2e\" data-element_type=\"container\" data-settings=\"{&quot;background_background&quot;:&quot;classic&quot;}\">\n\t\t\t\t\t<div class=\"e-con-inner\">\n\t\t<div class=\"has_ae_slider elementor-element elementor-element-c04df09 e-con-full e-flex ae-bg-gallery-type-default e-con e-child\" data-id=\"c04df09\" data-element_type=\"container\">\n\t\t\t\t<div class=\"elementor-element elementor-element-d025580 elementor-widget elementor-widget-text-editor\" data-id=\"d025580\" data-element_type=\"widget\" data-widget_type=\"text-editor.default\">\n\t\t\t\t<div class=\"elementor-widget-container\">\n\t\t\t\t\t\t\t<p><strong>Ch\u00e0o m\u1eebng b\u1ea1n \u0111\u1ebfn v\u1edbi Art de Vivre Academy!<\/strong><\/p><p><b>\u0110\u1ecba ch\u1ec9: <\/b>T\u1ea7ng 17 &amp; 18, T\u00f2a nh\u00e0 The Nexus, s\u1ed1 3A-3B, \u0110\u01b0\u1eddng T\u00f4n \u0110\u1ee9c Th\u1eafng, ph\u01b0\u1eddng B\u1ebfn Ngh\u00e9, qu\u1eadn 1, th\u00e0nh ph\u1ed1 H\u1ed3 Ch\u00ed Minh, Vi\u1ec7t Nam<\/p><p><b>S\u1ed1 \u0111i\u1ec7n tho\u1ea1i:<\/b> 0906861361<\/p><p><b>Email: <\/b>contact@artdvivre.com<\/p><p>\u0110\u1ec3 c\u00f3 th\u1ec3 \u0111i\u1ec1u ch\u1ec9nh ch\u00ednh x\u00e1c v\u00e0 s\u00e2u s\u1eafc theo nhu c\u1ea7u c\u1ee7a b\u1ea1n, vui l\u00f2ng \u0111\u1ec3 l\u1ea1i th\u00f4ng tin b\u00ean d\u01b0\u1edbi, \u0111\u1ed9i ng\u0169 Art de Vivre s\u1ebd ph\u1ea3n h\u1ed3i trong th\u1eddi gian s\u1edbm nh\u1ea5t. Ch\u00fang t\u00f4i r\u1ea5t mong s\u1ebd \u0111\u01b0\u1ee3c \u0111\u00f3n ti\u1ebfp c\u00e1c b\u1ea1n t\u1ea1i c\u00e1c l\u1edbp h\u1ecdc c\u1ee7a Art de Vivre!<\/p>\t\t\t\t\t\t<\/div>\n\t\t\t\t<\/div>\n\t\t\t\t<\/div>\n\t\t<div class=\"has_ae_slider elementor-element elementor-element-7c2c50d e-con-full e-flex ae-bg-gallery-type-default e-con e-child\" data-id=\"7c2c50d\" data-element_type=\"container\">\n\t\t\t\t<div class=\"elementor-element elementor-element-a905260 elementor-widget elementor-widget-google_maps\" data-id=\"a905260\" data-element_type=\"widget\" data-widget_type=\"google_maps.default\">\n\t\t\t\t<div class=\"elementor-widget-container\">\n\t\t\t\t\t<div class=\"elementor-custom-embed\">\n\t\t\t<iframe loading=\"lazy\"\n\t\t\t\t\tsrc=\"https:\/\/maps.google.com\/maps?q=No.%203A-3B%20Ton%20Duc%20Thang%20Street%2C%20Ben%20Nghe%20Ward%2C%20District%201%2C%20Ho%20Chi%20Minh%20City%2C%20700000%2C%20Vietnam%20&#038;t=m&#038;z=17&#038;output=embed&#038;iwloc=near\"\n\t\t\t\t\ttitle=\"No. 3A-3B Ton Duc Thang Street, Ben Nghe Ward, District 1, Ho Chi Minh City, 700000, Vietnam \"\n\t\t\t\t\taria-label=\"No. 3A-3B Ton Duc Thang Street, Ben Nghe Ward, District 1, Ho Chi Minh City, 700000, Vietnam \"\n\t\t\t><\/iframe>\n\t\t<\/div>\n\t\t\t\t<\/div>\n\t\t\t\t<\/div>\n\t\t\t\t<\/div>\n\t\t\t\t\t<\/div>\n\t\t\t\t<\/div>\n\t\t\t\t<\/div>\n\t\t","protected":false},"excerpt":{"rendered":"<p>V\u1ec1 ch\u00fang t\u00f4i Art De Vivre Academy: L\u00e0m Ch\u1ee7 Phong Th\u00e1i Th\u01b0\u1ee3ng L\u01b0u T\u1ea1i Art De Vivre, ch\u00fang t\u00f4i tin r\u1eb1ng chu\u1ea9n m\u1ef1c th\u01b0\u1ee3ng l\u01b0u kh\u00f4ng b\u1eaft ngu\u1ed3n t\u1eeb v\u1eadt ch\u1ea5t ph\u00f9 phi\u1ebfm, m\u00e0 \u0111\u01b0\u1ee3c ph\u1ea3n \u00e1nh qua \u0111\u1ecbnh ngh\u0129a th\u01b0\u01a1ng hi\u1ec7u c\u00e1 nh\u00e2n c\u1ee7a m\u1ed7i ng\u01b0\u1eddi. Th\u00f4ng qua vi\u1ec7c n\u1eafm v\u1eefng c\u00e1c ki\u1ebfn th\u1ee9c [&hellip;]<\/p>\n","protected":false},"author":1,"featured_media":0,"parent":0,"menu_order":0,"comment_status":"closed","ping_status":"closed","template":"elementor_header_footer","meta":{"footnotes":""},"class_list":["post-8072","page","type-page","status-publish","hentry"],"acf":[],"_links":{"self":[{"href":"https:\/\/artdvivre.com\/vi\/wp-json\/wp\/v2\/pages\/8072","targetHints":{"allow":["GET"]}}],"collection":[{"href":"https:\/\/artdvivre.com\/vi\/wp-json\/wp\/v2\/pages"}],"about":[{"href":"https:\/\/artdvivre.com\/vi\/wp-json\/wp\/v2\/types\/page"}],"author":[{"embeddable":true,"href":"https:\/\/artdvivre.com\/vi\/wp-json\/wp\/v2\/users\/1"}],"replies":[{"embeddable":true,"href":"https:\/\/artdvivre.com\/vi\/wp-json\/wp\/v2\/comments?post=8072"}],"version-history":[{"count":70,"href":"https:\/\/artdvivre.com\/vi\/wp-json\/wp\/v2\/pages\/8072\/revisions"}],"predecessor-version":[{"id":9675,"href":"https:\/\/artdvivre.com\/vi\/wp-json\/wp\/v2\/pages\/8072\/revisions\/9675"}],"wp:attachment":[{"href":"https:\/\/artdvivre.com\/vi\/wp-json\/wp\/v2\/media?parent=8072"}],"curies":[{"name":"wp","href":"https:\/\/api.w.org\/{rel}","templated":true}]}}