{"id":10090,"date":"2025-01-18T10:08:38","date_gmt":"2025-01-18T03:08:38","guid":{"rendered":"https:\/\/artdvivre.com\/news\/"},"modified":"2025-01-20T11:29:18","modified_gmt":"2025-01-20T04:29:18","slug":"news","status":"publish","type":"page","link":"https:\/\/artdvivre.com\/vi\/news\/","title":{"rendered":"Tin t\u1ee9c"},"content":{"rendered":"\t\t<div data-elementor-type=\"wp-page\" data-elementor-id=\"10090\" class=\"elementor elementor-10090 elementor-10081\" data-elementor-post-type=\"page\">\n\t\t\t\t<div class=\"has_ae_slider elementor-element elementor-element-4d97d78 e-flex e-con-boxed ae-bg-gallery-type-default e-con e-parent\" data-id=\"4d97d78\" data-element_type=\"container\" data-settings=\"{&quot;background_background&quot;:&quot;slideshow&quot;,&quot;background_slideshow_gallery&quot;:[{&quot;id&quot;:5768,&quot;url&quot;:&quot;https:\\\/\\\/artdvivre.com\\\/wp-content\\\/uploads\\\/2024\\\/06\\\/402693c0-08c0-4f82-82db-c9d58ad884e0.jpg&quot;}],&quot;background_slideshow_loop&quot;:&quot;yes&quot;,&quot;background_slideshow_slide_duration&quot;:5000,&quot;background_slideshow_slide_transition&quot;:&quot;fade&quot;,&quot;background_slideshow_transition_duration&quot;:500}\">\n\t\t\t\t\t<div class=\"e-con-inner\">\n\t\t<div class=\"has_ae_slider elementor-element elementor-element-6641758 e-flex e-con-boxed ae-bg-gallery-type-default e-con e-child\" data-id=\"6641758\" data-element_type=\"container\">\n\t\t\t\t\t<div class=\"e-con-inner\">\n\t\t\t\t\t<\/div>\n\t\t\t\t<\/div>\n\t\t\t\t\t<\/div>\n\t\t\t\t<\/div>\n\t\t<div class=\"has_ae_slider elementor-element elementor-element-cf30d8f e-flex e-con-boxed ae-bg-gallery-type-default e-con e-parent\" data-id=\"cf30d8f\" data-element_type=\"container\">\n\t\t\t\t\t<div class=\"e-con-inner\">\n\t\t\t\t<div class=\"elementor-element elementor-element-4b0041a elementor-grid-3 elementor-grid-tablet-2 elementor-grid-mobile-1 elementor-posts--thumbnail-top elementor-widget elementor-widget-posts\" data-id=\"4b0041a\" data-element_type=\"widget\" data-settings=\"{&quot;pagination_type&quot;:&quot;numbers&quot;,&quot;classic_columns&quot;:&quot;3&quot;,&quot;classic_columns_tablet&quot;:&quot;2&quot;,&quot;classic_columns_mobile&quot;:&quot;1&quot;,&quot;classic_row_gap&quot;:{&quot;unit&quot;:&quot;px&quot;,&quot;size&quot;:35,&quot;sizes&quot;:[]},&quot;classic_row_gap_tablet&quot;:{&quot;unit&quot;:&quot;px&quot;,&quot;size&quot;:&quot;&quot;,&quot;sizes&quot;:[]},&quot;classic_row_gap_mobile&quot;:{&quot;unit&quot;:&quot;px&quot;,&quot;size&quot;:&quot;&quot;,&quot;sizes&quot;:[]}}\" data-widget_type=\"posts.classic\">\n\t\t\t\t<div class=\"elementor-widget-container\">\n\t\t\t\t\t<div class=\"elementor-posts-container elementor-posts elementor-posts--skin-classic elementor-grid\">\n\t\t\t\t<article class=\"elementor-post elementor-grid-item post-10450 post type-post status-publish format-standard has-post-thumbnail hentry category-uncategorized-vi\">\n\t\t\t\t<a class=\"elementor-post__thumbnail__link\" href=\"https:\/\/artdvivre.com\/vi\/nghe-thuat-don-tiep-trong-kien-tao-trai-nghiem-thuong-luu\/\" tabindex=\"-1\" >\n\t\t\t<div class=\"elementor-post__thumbnail\"><img fetchpriority=\"high\" decoding=\"async\" width=\"800\" height=\"533\" src=\"https:\/\/artdvivre.com\/wp-content\/uploads\/2026\/01\/adv-1.jpg\" class=\"attachment-large size-large wp-image-10446\" alt=\"\" srcset=\"https:\/\/artdvivre.com\/wp-content\/uploads\/2026\/01\/adv-1.jpg 960w, https:\/\/artdvivre.com\/wp-content\/uploads\/2026\/01\/adv-1-600x400.jpg 600w, https:\/\/artdvivre.com\/wp-content\/uploads\/2026\/01\/adv-1-768x512.jpg 768w\" sizes=\"(max-width: 800px) 100vw, 800px\" \/><\/div>\n\t\t<\/a>\n\t\t\t\t<div class=\"elementor-post__text\">\n\t\t\t\t<h3 class=\"elementor-post__title\">\n\t\t\t<a href=\"https:\/\/artdvivre.com\/vi\/nghe-thuat-don-tiep-trong-kien-tao-trai-nghiem-thuong-luu\/\" >\n\t\t\t\tNgh\u1ec7 Thu\u1eadt \u0110\u00f3n Ti\u1ebfp Trong Ki\u1ebfn T\u1ea1o Tr\u1ea3i Nghi\u1ec7m Th\u01b0\u1ee3ng L\u01b0u\t\t\t<\/a>\n\t\t<\/h3>\n\t\t\t\t<div class=\"elementor-post__meta-data\">\n\t\t\t\t\t<span class=\"elementor-post-date\">\n\t\t\t08\/01\/2026\t\t<\/span>\n\t\t\t\t<\/div>\n\t\t\t\t<div class=\"elementor-post__excerpt\">\n\t\t\t<p>Trong ph\u00e2n kh\u00fac th\u01b0\u1ee3ng l\u01b0u, tr\u1ea3i nghi\u1ec7m kh\u00f4ng \u0111\u01b0\u1ee3c \u0111o b\u1eb1ng quy m\u00f4 hay m\u1ee9c \u0111\u1ed9 ph\u00f4 di\u1ec5n, m\u00e0 b\u1eb1ng<\/p>\n\t\t<\/div>\n\t\t\t\t<\/div>\n\t\t\t\t<\/article>\n\t\t\t\t<article class=\"elementor-post elementor-grid-item post-10285 post type-post status-publish format-standard has-post-thumbnail hentry category-luxury-etiquette-insights category-popular-posts category-uncategorized\">\n\t\t\t\t<a class=\"elementor-post__thumbnail__link\" href=\"https:\/\/artdvivre.com\/vi\/trai-nghiem-sang-trong-khoi-nguon-tu-tri-thuc\/\" tabindex=\"-1\" >\n\t\t\t<div class=\"elementor-post__thumbnail\"><img decoding=\"async\" width=\"800\" height=\"571\" src=\"https:\/\/artdvivre.com\/wp-content\/uploads\/2025\/10\/Image.jpg\" class=\"attachment-large size-large wp-image-10290\" alt=\"\" srcset=\"https:\/\/artdvivre.com\/wp-content\/uploads\/2025\/10\/Image.jpg 1080w, https:\/\/artdvivre.com\/wp-content\/uploads\/2025\/10\/Image-560x400.jpg 560w, https:\/\/artdvivre.com\/wp-content\/uploads\/2025\/10\/Image-768x548.jpg 768w\" sizes=\"(max-width: 800px) 100vw, 800px\" \/><\/div>\n\t\t<\/a>\n\t\t\t\t<div class=\"elementor-post__text\">\n\t\t\t\t<h3 class=\"elementor-post__title\">\n\t\t\t<a href=\"https:\/\/artdvivre.com\/vi\/trai-nghiem-sang-trong-khoi-nguon-tu-tri-thuc\/\" >\n\t\t\t\tTr\u1ea3i Nghi\u1ec7m Sang Tr\u1ecdng Kh\u1edfi Ngu\u1ed3n T\u1eeb Tri Th\u1ee9c\t\t\t<\/a>\n\t\t<\/h3>\n\t\t\t\t<div class=\"elementor-post__meta-data\">\n\t\t\t\t\t<span class=\"elementor-post-date\">\n\t\t\t15\/10\/2025\t\t<\/span>\n\t\t\t\t<\/div>\n\t\t\t\t<div class=\"elementor-post__excerpt\">\n\t\t\t<p>S\u1ef1 sang tr\u1ecdng kh\u00f4ng ph\u1ea3i ch\u1ec9 l\u00e0 trang tr\u00ed b\u00ean ngo\u00e0i, m\u00e0 l\u00e0 m\u1ed9t ng\u00f4n ng\u1eef c\u00f3 nh\u1eefng \u201cm\u00e3\u201d ri\u00eang.<\/p>\n\t\t<\/div>\n\t\t\t\t<\/div>\n\t\t\t\t<\/article>\n\t\t\t\t<article class=\"elementor-post elementor-grid-item post-10240 post type-post status-publish format-standard has-post-thumbnail hentry category-luxury-etiquette-insights category-popular-posts\">\n\t\t\t\t<a class=\"elementor-post__thumbnail__link\" href=\"https:\/\/artdvivre.com\/vi\/dieu-gi-thuc-su-tao-nen-mot-su-kien-dang-cap\/\" tabindex=\"-1\" >\n\t\t\t<div class=\"elementor-post__thumbnail\"><img decoding=\"async\" width=\"800\" height=\"533\" src=\"https:\/\/artdvivre.com\/wp-content\/uploads\/2025\/09\/b0da11042b7cf62afe320cc44a119b74.jpg\" class=\"attachment-large size-large wp-image-10268\" alt=\"\" srcset=\"https:\/\/artdvivre.com\/wp-content\/uploads\/2025\/09\/b0da11042b7cf62afe320cc44a119b74.jpg 1200w, https:\/\/artdvivre.com\/wp-content\/uploads\/2025\/09\/b0da11042b7cf62afe320cc44a119b74-600x400.jpg 600w, https:\/\/artdvivre.com\/wp-content\/uploads\/2025\/09\/b0da11042b7cf62afe320cc44a119b74-768x512.jpg 768w\" sizes=\"(max-width: 800px) 100vw, 800px\" \/><\/div>\n\t\t<\/a>\n\t\t\t\t<div class=\"elementor-post__text\">\n\t\t\t\t<h3 class=\"elementor-post__title\">\n\t\t\t<a href=\"https:\/\/artdvivre.com\/vi\/dieu-gi-thuc-su-tao-nen-mot-su-kien-dang-cap\/\" >\n\t\t\t\t\u0110i\u1ec1u G\u00ec Th\u1ef1c S\u1ef1 T\u1ea1o N\u00ean M\u1ed9t S\u1ef1 Ki\u1ec7n \u0110\u1eb3ng C\u1ea5p\t\t\t<\/a>\n\t\t<\/h3>\n\t\t\t\t<div class=\"elementor-post__meta-data\">\n\t\t\t\t\t<span class=\"elementor-post-date\">\n\t\t\t25\/09\/2025\t\t<\/span>\n\t\t\t\t<\/div>\n\t\t\t\t<div class=\"elementor-post__excerpt\">\n\t\t\t<p>Trong b\u1ed1i c\u1ea3nh c\u1ea1nh tranh ng\u00e0y nay, s\u1ef1 ki\u1ec7n kh\u00f4ng c\u00f2n ch\u1ec9 l\u00e0 nh\u1eefng bu\u1ed5i t\u1ee5 h\u1ecdp. Ch\u00fang l\u00e0 s\u00e2n<\/p>\n\t\t<\/div>\n\t\t\t\t<\/div>\n\t\t\t\t<\/article>\n\t\t\t\t<article class=\"elementor-post elementor-grid-item post-10204 post type-post status-publish format-standard has-post-thumbnail hentry category-uncategorized category-industry-news category-luxury-etiquette-insights\">\n\t\t\t\t<a class=\"elementor-post__thumbnail__link\" href=\"https:\/\/artdvivre.com\/vi\/vai-tro-cua-nghe-thuat-giao-tiep-cao-cap-trong-xay-dung-thuong-hieu-xa-xi-2\/\" tabindex=\"-1\" >\n\t\t\t<div class=\"elementor-post__thumbnail\"><img loading=\"lazy\" decoding=\"async\" width=\"800\" height=\"533\" src=\"https:\/\/artdvivre.com\/wp-content\/uploads\/2025\/03\/1741683752412-1200x800.jpg\" class=\"attachment-large size-large wp-image-10202\" alt=\"\" srcset=\"https:\/\/artdvivre.com\/wp-content\/uploads\/2025\/03\/1741683752412-1200x800.jpg 1200w, https:\/\/artdvivre.com\/wp-content\/uploads\/2025\/03\/1741683752412-600x400.jpg 600w, https:\/\/artdvivre.com\/wp-content\/uploads\/2025\/03\/1741683752412-768x512.jpg 768w, https:\/\/artdvivre.com\/wp-content\/uploads\/2025\/03\/1741683752412-1536x1025.jpg 1536w, https:\/\/artdvivre.com\/wp-content\/uploads\/2025\/03\/1741683752412.jpg 2048w\" sizes=\"(max-width: 800px) 100vw, 800px\" \/><\/div>\n\t\t<\/a>\n\t\t\t\t<div class=\"elementor-post__text\">\n\t\t\t\t<h3 class=\"elementor-post__title\">\n\t\t\t<a href=\"https:\/\/artdvivre.com\/vi\/vai-tro-cua-nghe-thuat-giao-tiep-cao-cap-trong-xay-dung-thuong-hieu-xa-xi-2\/\" >\n\t\t\t\tVai Tr\u00f2 C\u1ee7a Ngh\u1ec7 Thu\u1eadt Giao Ti\u1ebfp Cao C\u1ea5p Trong X\u00e2y D\u1ef1ng Th\u01b0\u01a1ng Hi\u1ec7u Xa X\u1ec9\t\t\t<\/a>\n\t\t<\/h3>\n\t\t\t\t<div class=\"elementor-post__meta-data\">\n\t\t\t\t\t<span class=\"elementor-post-date\">\n\t\t\t11\/03\/2025\t\t<\/span>\n\t\t\t\t<\/div>\n\t\t\t\t<div class=\"elementor-post__excerpt\">\n\t\t\t<p>Trong th\u1ebf gi\u1edbi c\u1ee7a th\u01b0\u01a1ng hi\u1ec7u xa x\u1ec9, m\u1ed7i chi ti\u1ebft \u0111\u1ec1u c\u00f3 \u00fd ngh\u0129a, m\u1ed7i h\u00e0nh \u0111\u1ed9ng \u0111\u1ec1u ph\u1ea3n<\/p>\n\t\t<\/div>\n\t\t\t\t<\/div>\n\t\t\t\t<\/article>\n\t\t\t\t<article class=\"elementor-post elementor-grid-item post-10188 post type-post status-publish format-standard has-post-thumbnail hentry category-luxury-etiquette-insights\">\n\t\t\t\t<a class=\"elementor-post__thumbnail__link\" href=\"https:\/\/artdvivre.com\/vi\/lam-chu-ngon-ngu-co-the-trong-thuyet-trinh-cao-cap\/\" tabindex=\"-1\" >\n\t\t\t<div class=\"elementor-post__thumbnail\"><img loading=\"lazy\" decoding=\"async\" width=\"800\" height=\"494\" src=\"https:\/\/artdvivre.com\/wp-content\/uploads\/2025\/02\/1740040357340-1200x741.jpg\" class=\"attachment-large size-large wp-image-10179\" alt=\"\" srcset=\"https:\/\/artdvivre.com\/wp-content\/uploads\/2025\/02\/1740040357340-1200x741.jpg 1200w, https:\/\/artdvivre.com\/wp-content\/uploads\/2025\/02\/1740040357340-600x370.jpg 600w, https:\/\/artdvivre.com\/wp-content\/uploads\/2025\/02\/1740040357340-768x474.jpg 768w, https:\/\/artdvivre.com\/wp-content\/uploads\/2025\/02\/1740040357340-1536x948.jpg 1536w, https:\/\/artdvivre.com\/wp-content\/uploads\/2025\/02\/1740040357340.jpg 2048w\" sizes=\"(max-width: 800px) 100vw, 800px\" \/><\/div>\n\t\t<\/a>\n\t\t\t\t<div class=\"elementor-post__text\">\n\t\t\t\t<h3 class=\"elementor-post__title\">\n\t\t\t<a href=\"https:\/\/artdvivre.com\/vi\/lam-chu-ngon-ngu-co-the-trong-thuyet-trinh-cao-cap\/\" >\n\t\t\t\tL\u00e0m Ch\u1ee7 Ng\u00f4n Ng\u1eef C\u01a1 Th\u1ec3 trong Thuy\u1ebft Tr\u00ecnh Cao C\u1ea5p\t\t\t<\/a>\n\t\t<\/h3>\n\t\t\t\t<div class=\"elementor-post__meta-data\">\n\t\t\t\t\t<span class=\"elementor-post-date\">\n\t\t\t20\/02\/2025\t\t<\/span>\n\t\t\t\t<\/div>\n\t\t\t\t<div class=\"elementor-post__excerpt\">\n\t\t\t<p>Trong m\u00f4i tr\u01b0\u1eddng kinh doanh, m\u1ed9t b\u00e0i thuy\u1ebft tr\u00ecnh kh\u00f4ng ch\u1ec9 \u0111\u01b0\u1ee3c \u0111\u00e1nh gi\u00e1 qua n\u1ed9i dung m\u00e0 c\u00f2n th\u00f4ng<\/p>\n\t\t<\/div>\n\t\t\t\t<\/div>\n\t\t\t\t<\/article>\n\t\t\t\t<article class=\"elementor-post elementor-grid-item post-10170 post type-post status-publish format-standard has-post-thumbnail hentry category-industry-news category-luxury-etiquette-insights\">\n\t\t\t\t<a class=\"elementor-post__thumbnail__link\" href=\"https:\/\/artdvivre.com\/vi\/mastering-the-art-of-dressing-for-formal-events\/\" tabindex=\"-1\" >\n\t\t\t<div class=\"elementor-post__thumbnail\"><img loading=\"lazy\" decoding=\"async\" width=\"640\" height=\"427\" src=\"https:\/\/artdvivre.com\/wp-content\/uploads\/2025\/02\/00.jpg\" class=\"attachment-large size-large wp-image-10172\" alt=\"\" srcset=\"https:\/\/artdvivre.com\/wp-content\/uploads\/2025\/02\/00.jpg 640w, https:\/\/artdvivre.com\/wp-content\/uploads\/2025\/02\/00-600x400.jpg 600w\" sizes=\"(max-width: 640px) 100vw, 640px\" \/><\/div>\n\t\t<\/a>\n\t\t\t\t<div class=\"elementor-post__text\">\n\t\t\t\t<h3 class=\"elementor-post__title\">\n\t\t\t<a href=\"https:\/\/artdvivre.com\/vi\/mastering-the-art-of-dressing-for-formal-events\/\" >\n\t\t\t\tCh\u1ecdn Qu\u1ea7n \u00c1o \u0110\u00fang Chu\u1ea9n Cho C\u00e1c S\u1ef1 Ki\u1ec7n Ch\u00ednh Th\u1ee9c\t\t\t<\/a>\n\t\t<\/h3>\n\t\t\t\t<div class=\"elementor-post__meta-data\">\n\t\t\t\t\t<span class=\"elementor-post-date\">\n\t\t\t13\/02\/2025\t\t<\/span>\n\t\t\t\t<\/div>\n\t\t\t\t<div class=\"elementor-post__excerpt\">\n\t\t\t<p>Tham gia c\u00e1c s\u1ef1 ki\u1ec7n quan tr\u1ecdng nh\u01b0 ti\u1ec7c t\u1ed1i, l\u1ec5 ra m\u1eaft s\u1ea3n ph\u1ea9m cao c\u1ea5p hay d\u1ea1 ti\u1ec7c<\/p>\n\t\t<\/div>\n\t\t\t\t<\/div>\n\t\t\t\t<\/article>\n\t\t\t\t<article class=\"elementor-post elementor-grid-item post-10156 post type-post status-publish format-standard has-post-thumbnail hentry category-industry-news category-luxury-etiquette-insights\">\n\t\t\t\t<a class=\"elementor-post__thumbnail__link\" href=\"https:\/\/artdvivre.com\/vi\/chon-lua-phu-kien-khi-dang-cap-nam-o-nhung-chi-tiet-nho-nhat\/\" tabindex=\"-1\" >\n\t\t\t<div class=\"elementor-post__thumbnail\"><img loading=\"lazy\" decoding=\"async\" width=\"640\" height=\"800\" src=\"https:\/\/artdvivre.com\/wp-content\/uploads\/2025\/02\/4-2-640x800.jpg\" class=\"attachment-large size-large wp-image-10154\" alt=\"\" srcset=\"https:\/\/artdvivre.com\/wp-content\/uploads\/2025\/02\/4-2-640x800.jpg 640w, https:\/\/artdvivre.com\/wp-content\/uploads\/2025\/02\/4-2-320x400.jpg 320w, https:\/\/artdvivre.com\/wp-content\/uploads\/2025\/02\/4-2.jpg 736w\" sizes=\"(max-width: 640px) 100vw, 640px\" \/><\/div>\n\t\t<\/a>\n\t\t\t\t<div class=\"elementor-post__text\">\n\t\t\t\t<h3 class=\"elementor-post__title\">\n\t\t\t<a href=\"https:\/\/artdvivre.com\/vi\/chon-lua-phu-kien-khi-dang-cap-nam-o-nhung-chi-tiet-nho-nhat\/\" >\n\t\t\t\tCh\u1ecdn L\u1ef1a Ph\u1ee5 Ki\u1ec7n \u2013 Khi \u0110\u1eb3ng C\u1ea5p N\u1eb1m \u1ede Nh\u1eefng Chi Ti\u1ebft Nh\u1ecf Nh\u1ea5t\t\t\t<\/a>\n\t\t<\/h3>\n\t\t\t\t<div class=\"elementor-post__meta-data\">\n\t\t\t\t\t<span class=\"elementor-post-date\">\n\t\t\t13\/02\/2025\t\t<\/span>\n\t\t\t\t<\/div>\n\t\t\t\t<div class=\"elementor-post__excerpt\">\n\t\t\t<p>Trong th\u1eddi trang cao c\u1ea5p, ph\u1ee5 ki\u1ec7n kh\u00f4ng \u0111\u01a1n thu\u1ea7n l\u00e0 \u0111i\u1ec3m nh\u1ea5n, m\u00e0 c\u00f2n l\u00e0 ng\u00f4n ng\u1eef c\u1ee7a phong<\/p>\n\t\t<\/div>\n\t\t\t\t<\/div>\n\t\t\t\t<\/article>\n\t\t\t\t<article class=\"elementor-post elementor-grid-item post-10127 post type-post status-publish format-standard has-post-thumbnail hentry category-featured category-luxury-etiquette-insights category-popular-posts\">\n\t\t\t\t<a class=\"elementor-post__thumbnail__link\" href=\"https:\/\/artdvivre.com\/vi\/lich-su-va-van-hoa-trong-fine-dining-su-ket-hop-giua-truyen-thong-va-doi-moi\/\" tabindex=\"-1\" >\n\t\t\t<div class=\"elementor-post__thumbnail\"><img loading=\"lazy\" decoding=\"async\" width=\"534\" height=\"800\" src=\"https:\/\/artdvivre.com\/wp-content\/uploads\/2025\/02\/4-534x800.jpg\" class=\"attachment-large size-large wp-image-10125\" alt=\"\" srcset=\"https:\/\/artdvivre.com\/wp-content\/uploads\/2025\/02\/4-534x800.jpg 534w, https:\/\/artdvivre.com\/wp-content\/uploads\/2025\/02\/4-267x400.jpg 267w, https:\/\/artdvivre.com\/wp-content\/uploads\/2025\/02\/4.jpg 736w\" sizes=\"(max-width: 534px) 100vw, 534px\" \/><\/div>\n\t\t<\/a>\n\t\t\t\t<div class=\"elementor-post__text\">\n\t\t\t\t<h3 class=\"elementor-post__title\">\n\t\t\t<a href=\"https:\/\/artdvivre.com\/vi\/lich-su-va-van-hoa-trong-fine-dining-su-ket-hop-giua-truyen-thong-va-doi-moi\/\" >\n\t\t\t\tL\u1ecbch S\u1eed V\u00e0 V\u0103n H\u00f3a Trong Fine Dining: S\u1ef1 K\u1ebft H\u1ee3p Gi\u1eefa Truy\u1ec1n Th\u1ed1ng V\u00e0 \u0110\u1ed5i M\u1edbi\t\t\t<\/a>\n\t\t<\/h3>\n\t\t\t\t<div class=\"elementor-post__meta-data\">\n\t\t\t\t\t<span class=\"elementor-post-date\">\n\t\t\t06\/02\/2025\t\t<\/span>\n\t\t\t\t<\/div>\n\t\t\t\t<div class=\"elementor-post__excerpt\">\n\t\t\t<p>Fine dining kh\u00f4ng \u0111\u01a1n thu\u1ea7n l\u00e0 m\u1ed9t b\u1eefa \u0103n; \u0111\u00f3 l\u00e0 m\u1ed9t h\u00e0nh tr\u00ecnh tinh t\u1ebf, n\u01a1i l\u1ecbch s\u1eed v\u00e0<\/p>\n\t\t<\/div>\n\t\t\t\t<\/div>\n\t\t\t\t<\/article>\n\t\t\t\t<article class=\"elementor-post elementor-grid-item post-10114 post type-post status-publish format-standard has-post-thumbnail hentry category-luxury-etiquette-insights\">\n\t\t\t\t<a class=\"elementor-post__thumbnail__link\" href=\"https:\/\/artdvivre.com\/vi\/vai-tro-cua-nghe-thuat-giao-tiep-cao-cap-trong-xay-dung-thuong-hieu-xa-xi\/\" tabindex=\"-1\" >\n\t\t\t<div class=\"elementor-post__thumbnail\"><img loading=\"lazy\" decoding=\"async\" width=\"800\" height=\"501\" src=\"https:\/\/artdvivre.com\/wp-content\/uploads\/2025\/01\/1737379813776-1200x752.jpg\" class=\"attachment-large size-large wp-image-10112\" alt=\"\" srcset=\"https:\/\/artdvivre.com\/wp-content\/uploads\/2025\/01\/1737379813776-1200x752.jpg 1200w, https:\/\/artdvivre.com\/wp-content\/uploads\/2025\/01\/1737379813776-600x376.jpg 600w, https:\/\/artdvivre.com\/wp-content\/uploads\/2025\/01\/1737379813776-768x481.jpg 768w, https:\/\/artdvivre.com\/wp-content\/uploads\/2025\/01\/1737379813776-1536x962.jpg 1536w, https:\/\/artdvivre.com\/wp-content\/uploads\/2025\/01\/1737379813776.jpg 2048w\" sizes=\"(max-width: 800px) 100vw, 800px\" \/><\/div>\n\t\t<\/a>\n\t\t\t\t<div class=\"elementor-post__text\">\n\t\t\t\t<h3 class=\"elementor-post__title\">\n\t\t\t<a href=\"https:\/\/artdvivre.com\/vi\/vai-tro-cua-nghe-thuat-giao-tiep-cao-cap-trong-xay-dung-thuong-hieu-xa-xi\/\" >\n\t\t\t\tVai Tr\u00f2 C\u1ee7a Ngh\u1ec7 Thu\u1eadt Giao Ti\u1ebfp Cao C\u1ea5p Trong X\u00e2y D\u1ef1ng Th\u01b0\u01a1ng Hi\u1ec7u Xa X\u1ec9\t\t\t<\/a>\n\t\t<\/h3>\n\t\t\t\t<div class=\"elementor-post__meta-data\">\n\t\t\t\t\t<span class=\"elementor-post-date\">\n\t\t\t20\/01\/2025\t\t<\/span>\n\t\t\t\t<\/div>\n\t\t\t\t<div class=\"elementor-post__excerpt\">\n\t\t\t<p>Trong th\u1ebf gi\u1edbi c\u1ee7a th\u01b0\u01a1ng hi\u1ec7u xa x\u1ec9, m\u1ed7i chi ti\u1ebft \u0111\u1ec1u c\u00f3 \u00fd ngh\u0129a, m\u1ed7i h\u00e0nh \u0111\u1ed9ng \u0111\u1ec1u ph\u1ea3n<\/p>\n\t\t<\/div>\n\t\t\t\t<\/div>\n\t\t\t\t<\/article>\n\t\t\t\t<article class=\"elementor-post elementor-grid-item post-10046 post type-post status-publish format-standard has-post-thumbnail hentry category-industry-news category-featured\">\n\t\t\t\t<a class=\"elementor-post__thumbnail__link\" href=\"https:\/\/artdvivre.com\/vi\/nghe-thuat-giao-tiep-tru-cot-cua-trai-nghiem-xa-xi\/\" tabindex=\"-1\" >\n\t\t\t<div class=\"elementor-post__thumbnail\"><img loading=\"lazy\" decoding=\"async\" width=\"800\" height=\"508\" src=\"https:\/\/artdvivre.com\/wp-content\/uploads\/2025\/01\/1736939785091-1024x650.jpg\" class=\"attachment-large size-large wp-image-10044\" alt=\"\" srcset=\"https:\/\/artdvivre.com\/wp-content\/uploads\/2025\/01\/1736939785091-1024x650.jpg 1024w, https:\/\/artdvivre.com\/wp-content\/uploads\/2025\/01\/1736939785091-300x190.jpg 300w, https:\/\/artdvivre.com\/wp-content\/uploads\/2025\/01\/1736939785091-768x487.jpg 768w, https:\/\/artdvivre.com\/wp-content\/uploads\/2025\/01\/1736939785091-1536x974.jpg 1536w, https:\/\/artdvivre.com\/wp-content\/uploads\/2025\/01\/1736939785091.jpg 2048w\" sizes=\"(max-width: 800px) 100vw, 800px\" \/><\/div>\n\t\t<\/a>\n\t\t\t\t<div class=\"elementor-post__text\">\n\t\t\t\t<h3 class=\"elementor-post__title\">\n\t\t\t<a href=\"https:\/\/artdvivre.com\/vi\/nghe-thuat-giao-tiep-tru-cot-cua-trai-nghiem-xa-xi\/\" >\n\t\t\t\tNgh\u1ec7 Thu\u1eadt Giao Ti\u1ebfp &#8211; Tr\u1ee5 C\u1ed9t C\u1ee7a Tr\u1ea3i Nghi\u1ec7m Xa X\u1ec9\t\t\t<\/a>\n\t\t<\/h3>\n\t\t\t\t<div class=\"elementor-post__meta-data\">\n\t\t\t\t\t<span class=\"elementor-post-date\">\n\t\t\t15\/01\/2025\t\t<\/span>\n\t\t\t\t<\/div>\n\t\t\t\t<div class=\"elementor-post__excerpt\">\n\t\t\t<p>Trong th\u1ebf gi\u1edbi xa x\u1ec9, n\u01a1i nh\u1eadn th\u1ee9c th\u01b0\u1eddng quy\u1ebft \u0111\u1ecbnh gi\u00e1 tr\u1ecb, nh\u1eefng quy t\u1eafc giao ti\u1ebfp cao c\u1ea5p<\/p>\n\t\t<\/div>\n\t\t\t\t<\/div>\n\t\t\t\t<\/article>\n\t\t\t\t<article class=\"elementor-post elementor-grid-item post-10034 post type-post status-publish format-standard has-post-thumbnail hentry category-luxury-etiquette-insights category-featured category-popular-posts\">\n\t\t\t\t<a class=\"elementor-post__thumbnail__link\" href=\"https:\/\/artdvivre.com\/vi\/chan-dung-lanh-dao-xay-dung-thuong-hieu-ca-nhan-qua-cach-lanh-dao-kheo-leo\/\" tabindex=\"-1\" >\n\t\t\t<div class=\"elementor-post__thumbnail\"><img loading=\"lazy\" decoding=\"async\" width=\"800\" height=\"533\" src=\"https:\/\/artdvivre.com\/wp-content\/uploads\/2025\/01\/1736419568685-thumb-1024x682.jpg\" class=\"attachment-large size-large wp-image-10032\" alt=\"\" srcset=\"https:\/\/artdvivre.com\/wp-content\/uploads\/2025\/01\/1736419568685-thumb-1024x682.jpg 1024w, https:\/\/artdvivre.com\/wp-content\/uploads\/2025\/01\/1736419568685-thumb-300x200.jpg 300w, https:\/\/artdvivre.com\/wp-content\/uploads\/2025\/01\/1736419568685-thumb-768x512.jpg 768w, https:\/\/artdvivre.com\/wp-content\/uploads\/2025\/01\/1736419568685-thumb.jpg 1313w\" sizes=\"(max-width: 800px) 100vw, 800px\" \/><\/div>\n\t\t<\/a>\n\t\t\t\t<div class=\"elementor-post__text\">\n\t\t\t\t<h3 class=\"elementor-post__title\">\n\t\t\t<a href=\"https:\/\/artdvivre.com\/vi\/chan-dung-lanh-dao-xay-dung-thuong-hieu-ca-nhan-qua-cach-lanh-dao-kheo-leo\/\" >\n\t\t\t\tCH\u00c2N DUNG L\u00c3NH \u0110\u1ea0O: X\u00c2Y D\u1ef0NG TH\u01af\u01a0NG HI\u1ec6U C\u00c1 NH\u00c2N QUA C\u00c1CH L\u00c3NH \u0110\u1ea0O KH\u00c9O L\u00c9O\t\t\t<\/a>\n\t\t<\/h3>\n\t\t\t\t<div class=\"elementor-post__meta-data\">\n\t\t\t\t\t<span class=\"elementor-post-date\">\n\t\t\t09\/01\/2025\t\t<\/span>\n\t\t\t\t<\/div>\n\t\t\t\t<div class=\"elementor-post__excerpt\">\n\t\t\t<p>Trong b\u1ed1i c\u1ea3nh kinh doanh ng\u00e0y nay, \u0111\u1ecba v\u1ecb l\u00e3nh \u0111\u1ea1o kh\u00f4ng ch\u1ec9 \u0111\u01a1n thu\u1ea7n l\u00e0 m\u1ed9t vai tr\u00f2; \u0111\u00f3<\/p>\n\t\t<\/div>\n\t\t\t\t<\/div>\n\t\t\t\t<\/article>\n\t\t\t\t<article class=\"elementor-post elementor-grid-item post-10009 post type-post status-publish format-standard has-post-thumbnail hentry category-luxury-etiquette-insights category-popular-posts\">\n\t\t\t\t<a class=\"elementor-post__thumbnail__link\" href=\"https:\/\/artdvivre.com\/vi\/kham-pha-thoi-quen-song-tinh-te-cua-nhung-nguoi-xuat-chung\/\" tabindex=\"-1\" >\n\t\t\t<div class=\"elementor-post__thumbnail\"><img loading=\"lazy\" decoding=\"async\" width=\"800\" height=\"626\" src=\"https:\/\/artdvivre.com\/wp-content\/uploads\/2025\/01\/1735791593777-1024x801.jpg\" class=\"attachment-large size-large wp-image-10005\" alt=\"\" srcset=\"https:\/\/artdvivre.com\/wp-content\/uploads\/2025\/01\/1735791593777-1024x801.jpg 1024w, https:\/\/artdvivre.com\/wp-content\/uploads\/2025\/01\/1735791593777-300x235.jpg 300w, https:\/\/artdvivre.com\/wp-content\/uploads\/2025\/01\/1735791593777-768x601.jpg 768w, https:\/\/artdvivre.com\/wp-content\/uploads\/2025\/01\/1735791593777-1536x1202.jpg 1536w, https:\/\/artdvivre.com\/wp-content\/uploads\/2025\/01\/1735791593777.jpg 1881w\" sizes=\"(max-width: 800px) 100vw, 800px\" \/><\/div>\n\t\t<\/a>\n\t\t\t\t<div class=\"elementor-post__text\">\n\t\t\t\t<h3 class=\"elementor-post__title\">\n\t\t\t<a href=\"https:\/\/artdvivre.com\/vi\/kham-pha-thoi-quen-song-tinh-te-cua-nhung-nguoi-xuat-chung\/\" >\n\t\t\t\tKh\u00e1m Ph\u00e1 Th\u00f3i Quen S\u1ed1ng Tinh T\u1ebf C\u1ee7a Nh\u1eefng Ng\u01b0\u1eddi Xu\u1ea5t Ch\u00fang\t\t\t<\/a>\n\t\t<\/h3>\n\t\t\t\t<div class=\"elementor-post__meta-data\">\n\t\t\t\t\t<span class=\"elementor-post-date\">\n\t\t\t02\/01\/2025\t\t<\/span>\n\t\t\t\t<\/div>\n\t\t\t\t<div class=\"elementor-post__excerpt\">\n\t\t\t<p>Trong x\u00e3 h\u1ed9i hi\u1ec7n \u0111\u1ea1i, l\u1ed1i s\u1ed1ng c\u1ee7a nh\u1eefng ng\u01b0\u1eddi th\u00e0nh \u0111\u1ea1t kh\u00f4ng ch\u1ec9 ph\u1ea3n \u00e1nh \u1edf v\u1eadt ch\u1ea5t hay<\/p>\n\t\t<\/div>\n\t\t\t\t<\/div>\n\t\t\t\t<\/article>\n\t\t\t\t<\/div>\n\t\t\n\t\t\t\t<div class=\"e-load-more-anchor\" data-page=\"1\" data-max-page=\"4\" data-next-page=\"https:\/\/artdvivre.com\/vi\/wp-json\/wp\/v2\/pages\/10090\/page\/2\/\"><\/div>\n\t\t\t\t<nav class=\"elementor-pagination\" aria-label=\"Pagination\">\n\t\t\t<span aria-current=\"page\" class=\"page-numbers current\"><span class=\"elementor-screen-only\">Page<\/span>1<\/span>\n<a class=\"page-numbers\" href=\"https:\/\/artdvivre.com\/vi\/wp-json\/wp\/v2\/pages\/10090\/page\/2\/\"><span class=\"elementor-screen-only\">Page<\/span>2<\/a>\n<a class=\"page-numbers\" href=\"https:\/\/artdvivre.com\/vi\/wp-json\/wp\/v2\/pages\/10090\/page\/3\/\"><span class=\"elementor-screen-only\">Page<\/span>3<\/a>\n<a class=\"page-numbers\" href=\"https:\/\/artdvivre.com\/vi\/wp-json\/wp\/v2\/pages\/10090\/page\/4\/\"><span class=\"elementor-screen-only\">Page<\/span>4<\/a>\t\t<\/nav>\n\t\t\t\t<\/div>\n\t\t\t\t<\/div>\n\t\t\t\t\t<\/div>\n\t\t\t\t<\/div>\n\t\t\t\t<\/div>\n\t\t","protected":false},"excerpt":{"rendered":"","protected":false},"author":1,"featured_media":0,"parent":0,"menu_order":0,"comment_status":"closed","ping_status":"closed","template":"elementor_header_footer","meta":{"footnotes":""},"class_list":["post-10090","page","type-page","status-publish","hentry"],"acf":[],"_links":{"self":[{"href":"https:\/\/artdvivre.com\/vi\/wp-json\/wp\/v2\/pages\/10090","targetHints":{"allow":["GET"]}}],"collection":[{"href":"https:\/\/artdvivre.com\/vi\/wp-json\/wp\/v2\/pages"}],"about":[{"href":"https:\/\/artdvivre.com\/vi\/wp-json\/wp\/v2\/types\/page"}],"author":[{"embeddable":true,"href":"https:\/\/artdvivre.com\/vi\/wp-json\/wp\/v2\/users\/1"}],"replies":[{"embeddable":true,"href":"https:\/\/artdvivre.com\/vi\/wp-json\/wp\/v2\/comments?post=10090"}],"version-history":[{"count":8,"href":"https:\/\/artdvivre.com\/vi\/wp-json\/wp\/v2\/pages\/10090\/revisions"}],"predecessor-version":[{"id":10104,"href":"https:\/\/artdvivre.com\/vi\/wp-json\/wp\/v2\/pages\/10090\/revisions\/10104"}],"wp:attachment":[{"href":"https:\/\/artdvivre.com\/vi\/wp-json\/wp\/v2\/media?parent=10090"}],"curies":[{"name":"wp","href":"https:\/\/api.w.org\/{rel}","templated":true}]}}